{"id":8,"date":"2024-06-11T18:58:48","date_gmt":"2024-06-11T16:58:48","guid":{"rendered":"https:\/\/kyudo-du-pays-lorientais.org\/?page_id=8"},"modified":"2025-10-20T11:36:36","modified_gmt":"2025-10-20T09:36:36","slug":"accueil","status":"publish","type":"page","link":"https:\/\/kyudo-du-pays-lorientais.org\/","title":{"rendered":"Le Kyudo"},"content":{"rendered":"\n<p><strong>Le Kyudo, ou la voie de l\u2019arc, est un art martial japonais pratiqu\u00e9 par des passionn\u00e9s depuis plusieurs ann\u00e9es \u00e0 Lorient (56).<\/strong><\/p>\n\n\n\n<p><strong>D\u00e9couvrez avec nous l&rsquo;art traditionnel japonais du tir \u00e0 l&rsquo;arc<\/strong><\/p>\n\n\n\n<p>Le <strong>Kyudo<\/strong> (\u5f13\u9053), litt\u00e9ralement \u00ab\u00a0la voie de l&rsquo;arc\u00a0\u00bb, est l&rsquo;art martial traditionnel japonais du tir \u00e0 l&rsquo;arc. Plus qu&rsquo;une simple discipline sportive, le Kyudo est une voie de d\u00e9veloppement personnel qui cultive l&rsquo;harmonie entre le corps et l&rsquo;esprit.<\/p>\n\n\n\n<p>Pratiqu\u00e9 depuis des si\u00e8cles au Japon, le Kyudo se distingue par son approche m\u00e9ditative et sa recherche de la perfection du geste. Chaque mouvement est ex\u00e9cut\u00e9 avec pr\u00e9cision, concentration et respect des traditions ancestrales.<\/p>\n\n\n\n<p>Le tir \u00e0 l&rsquo;arc japonais utilise un arc asym\u00e9trique (<em>yumi<\/em>) de plus de 2 m\u00e8tres, rendant sa pratique unique au monde. La cible se trouve \u00e0 28 m\u00e8tres, et l&rsquo;objectif n&rsquo;est pas seulement de l&rsquo;atteindre, mais d&rsquo;accomplir un tir juste et beau.<\/p>\n\n\n\n<figure class=\"wp-block-image size-large is-style-rounded wp-duotone-rgb1040136-rgb255255255-1\"><img loading=\"lazy\" decoding=\"async\" width=\"1024\" height=\"410\" src=\"https:\/\/kyudo-du-pays-lorientais.org\/wp-content\/uploads\/2025\/10\/La-voie-de-larc-1024x410.webp\" alt=\"\" class=\"wp-image-261\" srcset=\"https:\/\/kyudo-du-pays-lorientais.org\/wp-content\/uploads\/2025\/10\/La-voie-de-larc-1024x410.webp 1024w, https:\/\/kyudo-du-pays-lorientais.org\/wp-content\/uploads\/2025\/10\/La-voie-de-larc-300x120.webp 300w, https:\/\/kyudo-du-pays-lorientais.org\/wp-content\/uploads\/2025\/10\/La-voie-de-larc-768x307.webp 768w, https:\/\/kyudo-du-pays-lorientais.org\/wp-content\/uploads\/2025\/10\/La-voie-de-larc.webp 1130w\" sizes=\"auto, (max-width: 767px) 89vw, (max-width: 1000px) 54vw, (max-width: 1071px) 543px, 580px\" \/><\/figure>\n\n\n\n<p><\/p>\n","protected":false},"excerpt":{"rendered":"<p>Le Kyudo, ou la voie de l\u2019arc, est un art martial japonais pratiqu\u00e9 par des passionn\u00e9s depuis plusieurs ann\u00e9es \u00e0 Lorient (56). D\u00e9couvrez avec nous l&rsquo;art traditionnel japonais du tir \u00e0 l&rsquo;arc Le Kyudo (\u5f13\u9053), litt\u00e9ralement \u00ab\u00a0la voie de l&rsquo;arc\u00a0\u00bb, est l&rsquo;art martial traditionnel japonais du tir \u00e0 l&rsquo;arc. Plus qu&rsquo;une simple discipline sportive, le &hellip; <\/p>\n<p class=\"link-more\"><a href=\"https:\/\/kyudo-du-pays-lorientais.org\/\" class=\"more-link\">Continuer la lecture<span class=\"screen-reader-text\"> de &laquo;&nbsp;Le Kyudo&nbsp;&raquo;<\/span><\/a><\/p>\n","protected":false},"author":1,"featured_media":0,"parent":0,"menu_order":0,"comment_status":"closed","ping_status":"closed","template":"","meta":{"footnotes":""},"class_list":["post-8","page","type-page","status-publish","hentry"],"_links":{"self":[{"href":"https:\/\/kyudo-du-pays-lorientais.org\/index.php\/wp-json\/wp\/v2\/pages\/8","targetHints":{"allow":["GET"]}}],"collection":[{"href":"https:\/\/kyudo-du-pays-lorientais.org\/index.php\/wp-json\/wp\/v2\/pages"}],"about":[{"href":"https:\/\/kyudo-du-pays-lorientais.org\/index.php\/wp-json\/wp\/v2\/types\/page"}],"author":[{"embeddable":true,"href":"https:\/\/kyudo-du-pays-lorientais.org\/index.php\/wp-json\/wp\/v2\/users\/1"}],"replies":[{"embeddable":true,"href":"https:\/\/kyudo-du-pays-lorientais.org\/index.php\/wp-json\/wp\/v2\/comments?post=8"}],"version-history":[{"count":8,"href":"https:\/\/kyudo-du-pays-lorientais.org\/index.php\/wp-json\/wp\/v2\/pages\/8\/revisions"}],"predecessor-version":[{"id":306,"href":"https:\/\/kyudo-du-pays-lorientais.org\/index.php\/wp-json\/wp\/v2\/pages\/8\/revisions\/306"}],"wp:attachment":[{"href":"https:\/\/kyudo-du-pays-lorientais.org\/index.php\/wp-json\/wp\/v2\/media?parent=8"}],"curies":[{"name":"wp","href":"https:\/\/api.w.org\/{rel}","templated":true}]}}