{"id":2,"date":"2024-06-11T18:14:31","date_gmt":"2024-06-11T16:14:31","guid":{"rendered":"http:\/\/kyudo-du-pays-lorientais.org\/?page_id=2"},"modified":"2025-10-16T11:12:25","modified_gmt":"2025-10-16T09:12:25","slug":"page-d-exemple","status":"publish","type":"page","link":"https:\/\/kyudo-du-pays-lorientais.org\/index.php\/page-d-exemple\/","title":{"rendered":"Au del\u00e0 de l&rsquo;art martial"},"content":{"rendered":"\n<p>Une voie de d\u00e9veloppement personnel qui accompagne le pratiquant tout au long de sa vie. Les valeurs apprises sur le shajo (lieu de tir) se transf\u00e8rent naturellement dans le quotidien : concentration, patience, respect, humilit\u00e9, pers\u00e9v\u00e9rance.<\/p>\n\n\n\n<p>En effet, le Kyudo trouve sa place au sein des m\u00e9thodes orientales d\u00e9di\u00e9es \u00e0 la transformation de soi vers un mieux \u00eatre et une qu\u00eate de v\u00e9rit\u00e9 personnelle. Il est une recherche du d\u00e9veloppement du corps par la ma\u00eetrise des gestes. Ainsi, l\u2019arc (<em>waky\u016b<\/em>, <a href=\"https:\/\/fr.wiktionary.org\/wiki\/%E5%92%8C\">\u548c<\/a>\u5f13, arc japonais, commun\u00e9ment appel\u00e9 <em>yumi<\/em> ,\u5f13, arc), arme de pr\u00e9dilection des samoura\u00efs apr\u00e8s le sabre, n\u2019est que le prolongement du kyudojin (pratiquant du Kyudo), et la cible (Mato) que ses deux fl\u00e8ches doivent atteindre, son miroir.<br>L\u2019objectif \u00e0 atteindre, la philosophie de cette discipline, est \u00ab\u00a0la recherche du geste parfait, l\u2019\u00e9quilibre au plus juste entre le corps et l\u2019esprit\u00a0\u00bb : les objectifs de v\u00e9rit\u00e9, de vertu et de beaut\u00e9 priment sur l\u2019atteinte de la cible.<\/p>\n\n\n\n<p>La chor\u00e9graphie du tir est codifi\u00e9e et l\u2019\u00e9tiquette tient un r\u00f4le central, visant l\u2019\u00e9l\u00e9gance et la justesse. L\u2019harmonie enfin est la cl\u00e9 de vo\u00fbte, que ce soit dans la gestuelle, l\u2019esth\u00e9tique g\u00e9n\u00e9rale, ou la relation avec les autres archers qui coordonnent leurs d\u00e9placements et leur tir respectif dans une succession parfaitement ma\u00eetris\u00e9e. La beaut\u00e9 du kyudo s\u2019exprime dans les tenues traditionnelles, le grand arc de plus de deux m\u00e8tres aux courbures naturelles, le rythme lent c\u00e9r\u00e9monial, et l\u2019attitude digne et solennelle des archers aux l\u00e2chers puissants dans une intense concentration.<\/p>\n\n\n\n<p>Le Kyudo se pratique dans un contexte bien pr\u00e9cis, dans un cadre protocolaire ancestral qui participe de sa pl\u00e9nitude.<\/p>\n\n\n\n<h2 class=\"wp-block-heading\"><strong>Le Kyudo est une voie qui n&rsquo;a pas de fin. C&rsquo;est un voyage constant vers une meilleure compr\u00e9hension de soi-m\u00eame et du monde.<\/strong><\/h2>\n\n\n\n<p><\/p>\n","protected":false},"excerpt":{"rendered":"<p>Une voie de d\u00e9veloppement personnel qui accompagne le pratiquant tout au long de sa vie. Les valeurs apprises sur le shajo (lieu de tir) se transf\u00e8rent naturellement dans le quotidien : concentration, patience, respect, humilit\u00e9, pers\u00e9v\u00e9rance. En effet, le Kyudo trouve sa place au sein des m\u00e9thodes orientales d\u00e9di\u00e9es \u00e0 la transformation de soi vers &hellip; <\/p>\n<p class=\"link-more\"><a href=\"https:\/\/kyudo-du-pays-lorientais.org\/index.php\/page-d-exemple\/\" class=\"more-link\">Continuer la lecture<span class=\"screen-reader-text\"> de &laquo;&nbsp;Au del\u00e0 de l&rsquo;art martial&nbsp;&raquo;<\/span><\/a><\/p>\n","protected":false},"author":1,"featured_media":52,"parent":0,"menu_order":0,"comment_status":"closed","ping_status":"closed","template":"","meta":{"footnotes":""},"class_list":["post-2","page","type-page","status-publish","has-post-thumbnail","hentry"],"_links":{"self":[{"href":"https:\/\/kyudo-du-pays-lorientais.org\/index.php\/wp-json\/wp\/v2\/pages\/2","targetHints":{"allow":["GET"]}}],"collection":[{"href":"https:\/\/kyudo-du-pays-lorientais.org\/index.php\/wp-json\/wp\/v2\/pages"}],"about":[{"href":"https:\/\/kyudo-du-pays-lorientais.org\/index.php\/wp-json\/wp\/v2\/types\/page"}],"author":[{"embeddable":true,"href":"https:\/\/kyudo-du-pays-lorientais.org\/index.php\/wp-json\/wp\/v2\/users\/1"}],"replies":[{"embeddable":true,"href":"https:\/\/kyudo-du-pays-lorientais.org\/index.php\/wp-json\/wp\/v2\/comments?post=2"}],"version-history":[{"count":5,"href":"https:\/\/kyudo-du-pays-lorientais.org\/index.php\/wp-json\/wp\/v2\/pages\/2\/revisions"}],"predecessor-version":[{"id":260,"href":"https:\/\/kyudo-du-pays-lorientais.org\/index.php\/wp-json\/wp\/v2\/pages\/2\/revisions\/260"}],"wp:featuredmedia":[{"embeddable":true,"href":"https:\/\/kyudo-du-pays-lorientais.org\/index.php\/wp-json\/wp\/v2\/media\/52"}],"wp:attachment":[{"href":"https:\/\/kyudo-du-pays-lorientais.org\/index.php\/wp-json\/wp\/v2\/media?parent=2"}],"curies":[{"name":"wp","href":"https:\/\/api.w.org\/{rel}","templated":true}]}}